{"id":1779,"date":"2020-12-26T18:08:25","date_gmt":"2020-12-26T18:08:25","guid":{"rendered":"http:\/\/psiasfora.com.pl\/?page_id=1779"},"modified":"2021-01-16T17:40:24","modified_gmt":"2021-01-16T17:40:24","slug":"rodo","status":"publish","type":"page","link":"https:\/\/psiasfora.com.pl\/?page_id=1779","title":{"rendered":"REGULAMINY"},"content":{"rendered":"\n<p><strong>POLITYKA PRYWATNO\u015aCI<\/strong><\/p>\n\n\n\n<p><strong>Podmiot<\/strong><\/p>\n\n\n\n<p>Firma \u201cPsia Sfora\u201d &#8211; Hotel i O\u015brodek szkolenia ps\u00f3w szanuje prawo do prywatno\u015bci, w szczeg\u00f3lno\u015bci dba o ochron\u0119 ich danych osobowych oraz stosuje odpowiednie rozwi\u0105zania organizacyjne i techniczne zapobiegaj\u0105ce ingerencji w prywatno\u015b\u0107 Interesant\u00f3w przez osoby trzecie. Nasze dzia\u0142ania s\u0105 ukierunkowane na zagwarantowanie Klientom poczucia pe\u0142nego bezpiecze\u0144stwa na poziomie odpowiednim do obowi\u0105zuj\u0105cego prawa, w tym zgodno\u015bci z:<br>\u2013 Rozporz\u0105dzeniem Parlamentu Europejskiego i Rady 2016\/679 z dnia 27 kwietnia 2016 r. w sprawie ochrony os\u00f3b fizycznych w zwi\u0105zku z przetwarzaniem danych osobowych i w sprawie swobodnego przep\u0142ywu takich danych oraz uchylenia dyrektywy 95\/46\/WE (og\u00f3lne rozporz\u0105dzenie o ochronie danych);<br>\u2013 Ustaw\u0105 z dnia 18 lipca 2002 r. o \u015bwiadczeniu us\u0142ug drog\u0105 elektroniczn\u0105 (Dz.U. z 2013 poz. 1422 z p\u00f3\u017an. zm.);<br>\u2013 Ustaw\u0105 z dnia 16 lipca 2004 r. Prawo telekomunikacyjne (Dz.U. z 2014 poz. 243 z p\u00f3\u017an. zm.).<\/p>\n\n\n\n<p><strong>Administrator<\/strong><\/p>\n\n\n\n<p>Administratorem danych dotycz\u0105cych U\u017cytkownik\u00f3w gromadzonych z wykorzystaniem Serwisu jest:<\/p>\n\n\n\n<p><strong>Psia Sfora \u2013 <\/strong><strong>Hotel i o\u015brodek szkolenia ps\u00f3w<\/strong><br>ul. Sto\u017cne 3A, 66-001 Zielona G\u00f3ra<br>NIP: 7840014083<br>Tel: 510 878 535, email: <a href=\"mailto:kontakt@psiasfora.com.pl\">kontakt@psiasfora.com.pl<\/a><\/p>\n\n\n\n<p><strong>Twoje dane osobowe b\u0119d\u0105 przetwarzane w celu:<\/strong><\/p>\n\n\n\n<p>\u2022 wymiany korespondencji dotycz\u0105cej relacji biznesowych \/zawartej umowy\/ pomi\u0119dzy Tob\u0105 a \u201ePsia Sfora\u201d w tym udzielenia odpowiedzi na zg\u0142oszone przez Ciebie zapytania dotycz\u0105ce us\u0142ug \u015bwiadczonych przez \u201ePsia Sfora\u201d (podstawa z art. 6 ust 1 lit. b) RODO);<br>\u2022 wewn\u0119trznych cel\u00f3w administracyjnych \u201ePsia Sfora\u201d, w tym statystyki i raportowania wewn\u0119trznego b\u0119d\u0105cych realizacj\u0105 naszego prawnie uzasadnionego interesu (podstawa z art. 6 ust. 1 lit. f RODO);<br>\u2022 archiwalnym (dowodowym) b\u0119d\u0105cym realizacj\u0105 naszego prawnie uzasadnionego interesu zabezpieczenia informacji na wypadek prawnej potrzeby wykazania fakt\u00f3w (art. 6 ust. 1 lit. f RODO);<br>\u2022 ewentualnego ustalenia, dochodzenia lub obrony przed roszczeniami b\u0119d\u0105cego realizacj\u0105 naszego prawnie uzasadnionego interesu (podstawa z art. 6 ust. 1 lit. f RODO);<br>\u2022 rozpatrywania skarg, w przypadku ich wniesienia, na jako\u015b\u0107 \u015bwiadczonych przez \u201ePsia Sfora\u201d us\u0142ug i sposobu obs\u0142ugi w ramach realizowanych um\u00f3w (podstawa z art. 6 ust. 1 lit. b RODO);<br>\u2022 marketingu bezpo\u015bredniego produkt\u00f3w i us\u0142ug w\u0142asnych Administratora (podstawa z art.6 ust.1 lit.f) RODO).<br><br>Odbiorcami Twoich danych mog\u0105 by\u0107; kancelarie prawne; podmioty \u015bwiadcz\u0105ce us\u0142ugi audytorskie, doradcze, consultingowe; podmioty upowa\u017cnione na podstawie przepis\u00f3w prawa.<br>Nie zamierzamy przekazywa\u0107 Twoich danych poza Europejski Obszar Gospodarczy (do pa\u0144stwa trzeciego).<br>Twoje dane przetwarzane w oparciu o zgod\u0119 mo\u017cemy przetwarza\u0107 do czasu jej wycofania lub gdy cel przetwarzania zosta\u0142 zrealizowany. Dane przetwarzane na podstawie prawnie uzasadnionego interesu administratora danych mo\u017cemy przetwarza\u0107 do czasu wype\u0142nienia prawnie uzasadnionych interes\u00f3w \u201ePsia Sfora\u201d, stanowi\u0105cych podstaw\u0119 tego przetwarzania lub do czasu wniesienia przez Ciebie sprzeciwu wobec takiego przetwarzania. Dane przetwarzane w zwi\u0105zku z zawart\u0105 umow\u0105 przetwarzane b\u0119d\u0105 do czasu wyga\u015bni\u0119cia umowy i obejmuje okres gwarancji i dochodzenia ewentualnych roszcze\u0144. Twoje dane wykorzystywane do cel\u00f3w marketingu bezpo\u015bredniego nie b\u0119d\u0105 dalej przetwarzane w przypadku zg\u0142oszenia sprzeciwu.<\/p>\n\n\n\n<p><strong>Masz prawo:<\/strong><\/p>\n\n\n\n<p>\u2022 prawo dost\u0119pu do danych osobowych oraz prawo \u017c\u0105dania ich sprostowania, sprzeciwu wobec przetwarzania, ich usuni\u0119cia lub ograniczenia ich przetwarzania;<br>\u2022 prawo wycofania zgody; wycofanie zgody nie ma wp\u0142ywu na zgodno\u015b\u0107 z prawem przetwarzania, kt\u00f3rego dokonano na podstawie zgody przed jej wycofaniem;<br>\u2022 prawo do przenoszenia danych osobowych,<br>\u2022 prawo do wniesienia skargi do organu nadzorczego zajmuj\u0105cego si\u0119 ochron\u0105 danych osobowych, gdy uznasz, \u017ce przetwarzanie Twoich danych osobowych narusza przepisy prawa.<\/p>\n\n\n\n<p><strong>Pliki cookies<\/strong><\/p>\n\n\n\n<p>\u201ePsia Sfora\u201d korzysta z tzw. cookies (\u201eciasteczek\u201d), czyli informacji przechowywanych na komputerze u\u017cytkownika. Pliki cookies wykorzystujemy wy\u0142\u0105cznie na wewn\u0119trzne potrzeby optymalizacji serwisu pod k\u0105tem wydajno\u015bci oraz do analiz statystycznych. Nie gromadzimy ich do identyfikacji u\u017cytkownika.<br>W zakresie korzystania z Serwisu przez U\u017cytkownika przechowujemy zapytania http kierowane do serwera. Przegl\u0105dane zasoby identyfikowane s\u0105 poprzez adresy URL i dotycz\u0105:<br>\u2013 publicznego adresu IP urz\u0105dzenia ko\u0144cowego, z kt\u00f3rego nadesz\u0142o zapytanie;<br>\u2013 nazwy stacji U\u017cytkownika \u2013 identyfikacja realizowana przez protok\u00f3\u0142 http, o ile jest mo\u017cliwa;<br>\u2013 nazwy U\u017cytkownika podawana w procesie autoryzacji;<br><br>U\u017cytkownik w zakresie korzystania z funkcjonalno\u015bci Serwisu mo\u017ce jednak zosta\u0107 poproszony o podanie nast\u0119puj\u0105cych danych osobowych:<br>\u2013 imi\u0119 i nazwisko;<br>\u2013 adres e-mail;<br>\u2013 numer telefonu;<br>\u2013 adres i nazwa firmy;<br>\u2013 tre\u015b\u0107 wiadomo\u015bci kontaktowej.<br><br>Ustawienia dotycz\u0105ce plik\u00f3w cookies s\u0105 indywidualne dla ka\u017cdej przegl\u0105darki internetowej. Opcj\u0105 domy\u015bln\u0105 jest umo\u017cliwienie przyjmowania ciasteczek. Poprzez odpowiedni\u0105 konfiguracje swojej przegl\u0105darki mo\u017cesz ca\u0142kowicie wy\u0142\u0105czy\u0107 t\u0119 opcj\u0119 lub j\u0105 ograniczy\u0107.<br>Je\u015bli zostawisz komentarz, jego tre\u015b\u0107 i metadane b\u0119d\u0105 przechowywane przez czas nieokre\u015blony. Dzi\u0119ki temu jeste\u015bmy w stanie rozpoznawa\u0107 i zatwierdza\u0107 kolejne komentarze automatycznie, bez wysy\u0142ania ich do ka\u017cdorazowej moderacji.<br>Ka\u017cdy u\u017cytkownik mo\u017ce dokona\u0107 wgl\u0105du, korekty albo skasowa\u0107 swoje informacje osobiste w dowolnej chwili (nie licz\u0105c nazwy u\u017cytkownika, kt\u00f3rej nie mo\u017cna zmieni\u0107). Administratorzy strony r\u00f3wnie\u017c mog\u0105 przegl\u0105da\u0107 i modyfikowa\u0107 te informacje.<\/p>\n\n\n\n<p><strong>Marketing<\/strong><\/p>\n\n\n\n<p>Je\u015bli wyrazisz zgod\u0119, na otrzymywanie informacji handlowych za pomoc\u0105 \u015brodk\u00f3w komunikacji elektronicznej lub\/i na wykorzystywanie Twojego nr telefonu Twoje dane osobowe b\u0119d\u0105 wykorzystane w ramach prowadzonych przez nas akcji marketingowych.<\/p>\n\n\n\n<hr class=\"wp-block-separator\"\/>\n\n\n\n<p><\/p>\n\n\n\n<p><\/p>\n\n\n\n<p><strong>REGULAMIN UCZESTNICTWA W KURSACH GRUPOWYCH ORGANIZOWANYCH PRZEZ O\u015aRODEK SZKOLENIA PS\u00d3W \u201cPSIA SFORA\u201d<\/strong><\/p>\n\n\n\n<p>1. Pies wprowadzony na plac szkoleniowy\/sal\u0119 musi posiada\u0107 aktualne za\u015bwiadczenie o szczepieniu na w\u015bcieklizn\u0119 ( nie dotyczy szczeni\u0105t poni\u017cej 5 miesi\u0105ca \u017cycia ).<\/p>\n\n\n\n<p>2. Na zaj\u0119cia przychodzimy z psem na smyczy.<\/p>\n\n\n\n<p>3. Zwolnienie psa ze smyczy nast\u0119puje tylko za zgod\u0105 instruktora.<\/p>\n\n\n\n<p>4. Ze wzgl\u0119du na bezpiecze\u0144stwo os\u00f3b przebywaj\u0105cych na placu szkoleniowym\/sali oraz komfort psychiczny ps\u00f3w nie dotykamy ps\u00f3w bez zgody w\u0142a\u015bciciela.<\/p>\n\n\n\n<p>5. Szanuj\u0105c czas innych nie sp\u00f3\u017aniamy si\u0119 na zaj\u0119cia.<\/p>\n\n\n\n<p>6. Osoby, kt\u00f3re chcia\u0142yby wej\u015b\u0107 na plac szkoleniowy w trakcie trwania zaj\u0119\u0107 proszone s\u0105 o oczekiwanie przed wej\u015bciem na zgod\u0119 instruktora.<\/p>\n\n\n\n<p>7. Bezwzgl\u0119dnie zachowujemy mi\u0119dzy psami bezpieczn\u0105 odleg\u0142o\u015b\u0107, aby nie dochodzi\u0142o do bezpo\u015bredniego kontaktu mi\u0119dzy psami, chyba,\u017ce instruktor na to zezwoli.<\/p>\n\n\n\n<p>8. Na zaj\u0119cia przychodzimy ubrani wygodnie. Liczymy si\u0119 z ubrudzeniem, a nawet uszkodzeniem stroju \u2013 uczy si\u0119 Pan\/Pani i pies- ka\u017cdy ma prawo pope\u0142nia\u0107 b\u0142\u0119dy.<\/p>\n\n\n\n<p>9. Z psem \u0107wicz\u0105 osoby doros\u0142e.<\/p>\n\n\n\n<p>10. Za niewykorzystane lekcje ZWROT KOSZT\u00d3W NIE PRZYS\u0141UGUJE.<\/p>\n\n\n\n<p>11. Warunkiem rozpocz\u0119cia kursu jest dokonanie pe\u0142nej op\u0142aty za kurs do drugiej lekcji.<\/p>\n\n\n\n<p>12. W\u0142a\u015bciciel psa ponosi pe\u0142n\u0105 odpowiedzialno\u015b\u0107 prawn\u0105 z tytu\u0142u w\u0142asnych dzia\u0142a\u0144 i zaniecha\u0144, w wyniku kt\u00f3rych wyst\u0105pi\u0142a szkoda na osobie lub mieniu innych uczestnik\u00f3w szkolenia b\u0105d\u017a os\u00f3b trzecich.<\/p>\n\n\n\n<p>13. Opiekun psa jest ca\u0142kowicie odpowiedzialny za wszelkie szkody wyrz\u0105dzone przez swojego psa zgodnie z obowi\u0105zuj\u0105cymi przepisami.<\/p>\n\n\n\n<p>14. Uczestnik szkolenia zobowi\u0105zany jest do przestrzegania i wykonywania polece\u0144 instruktora.<\/p>\n\n\n\n<p>15. Agresywne zachowanie wobec w\u0142asnego psa, instruktora lub innych uczestnik\u00f3w szkolenia skutkuje usuni\u0119ciem z kursu bez prawa do zwrotu op\u0142aty za kurs w ca\u0142o\u015bci lub cz\u0119\u015bci.<\/p>\n\n\n\n<p>16. Organizator nie odpowiada za rzeczy pozostawione na placu szkoleniowym.<\/p>\n\n\n\n<p>17. Regulamin kurs\u00f3w obowi\u0105zuje wszystkich uczestnik\u00f3w szkolenia ps\u00f3w.<\/p>\n\n\n\n<hr class=\"wp-block-separator\"\/>\n\n\n\n<p><\/p>\n\n\n\n<p><\/p>\n\n\n\n<p><strong>REGULAMIN KORZYSTANIA Z PLACU SZKOLENIOWEGO O\u015aRODKA SZKOLENIA PS\u00d3W \u201cPSIA SFORA\u201d<\/strong><\/p>\n\n\n\n<p>1. Pies wprowadzony na plac szkoleniowy\/sal\u0119 musi posiada\u0107 aktualne za\u015bwiadczenie o szczepieniu na w\u015bcieklizn\u0119 ( nie dotyczy szczeni\u0105t poni\u017cej 5 miesi\u0105ca \u017cycia ).<\/p>\n\n\n\n<p>2. Na plac szkoleniowy przychodzimy z psem na smyczy, je\u017celi istnieje niebezpiecze\u0144stwo zachowania niepo\u017c\u0105danego przez psa-tak\u017ce w kaga\u0144cu.<\/p>\n\n\n\n<p>3. Zwolnienie psa ze smyczy nast\u0119puje tylko za zgod\u0105 instruktora.<\/p>\n\n\n\n<p>4. Ze wzgl\u0119du na bezpiecze\u0144stwo os\u00f3b przebywaj\u0105cych na placu szkoleniowym\/sali oraz komfort psychiczny ps\u00f3w nie dotykamy ps\u00f3w bez zgody w\u0142a\u015bciciela.<\/p>\n\n\n\n<p>5. Bezwzgl\u0119dnie zachowujemy mi\u0119dzy psami bezpieczn\u0105 odleg\u0142o\u015b\u0107, aby nie dochodzi\u0142o do bezpo\u015bredniego kontaktu mi\u0119dzy psami, chyba,\u017ce instruktor na to zezwoli.<\/p>\n\n\n\n<p>6. Ubrudzenia, a nawet uszkodzenia stroju powsta\u0142e w czasie przebywania na placu szkoleniowym s\u0105 skutkiem ubocznym treningu z psem, z kt\u00f3rym ka\u017cdy korzystaj\u0105cy z placu szkoleniowego powinien si\u0119 liczy\u0107.<\/p>\n\n\n\n<p>7. Z psem \u0107wicz\u0105 osoby doros\u0142e.<\/p>\n\n\n\n<p>8. Osoby nieletnie mog\u0105 przebywa\u0107 na placu szkoleniowym tylko i wy\u0142\u0105cznie z prawnym opiekunem , przy czym prawny opiekun bierze na siebie pe\u0142n\u0105 odpowiedzialno\u015b\u0107 za osob\u0119<\/p>\n\n\n\n<p>nieletni\u0105.<\/p>\n\n\n\n<p>9. Opiekun psa jest ca\u0142kowicie odpowiedzialny za wszelkie szkody wyrz\u0105dzone przez swojego psa zgodnie z obowi\u0105zuj\u0105cymi przepisami.<\/p>\n\n\n\n<p>10. Organizator nie odpowiada za rzeczy pozostawione na placu szkoleniowym.<\/p>\n\n\n\n<p>11. W\u0142a\u015bciciel ma prawo usun\u0105\u0107 z placu szkoleniowego osoby,kt\u00f3re nie przestrzegaj\u0105 regulaminu placu szkoleniowego.<\/p>\n\n\n\n<p>12.Regulamin korzystania z placu szkoleniowego obowi\u0105zuje wszystkich przebywaj\u0105cych na placu.<\/p>\n","protected":false},"excerpt":{"rendered":"<p>POLITYKA PRYWATNO\u015aCI Podmiot Firma \u201cPsia Sfora\u201d &#8211; Hotel i O\u015brodek szkolenia ps\u00f3w szanuje prawo do prywatno\u015bci, w szczeg\u00f3lno\u015bci dba o ochron\u0119 ich danych osobowych oraz stosuje odpowiednie rozwi\u0105zania organizacyjne i &#8230;<\/p>\n","protected":false},"author":3,"featured_media":0,"parent":1414,"menu_order":3,"comment_status":"closed","ping_status":"closed","template":"","meta":[],"_links":{"self":[{"href":"https:\/\/psiasfora.com.pl\/index.php?rest_route=\/wp\/v2\/pages\/1779"}],"collection":[{"href":"https:\/\/psiasfora.com.pl\/index.php?rest_route=\/wp\/v2\/pages"}],"about":[{"href":"https:\/\/psiasfora.com.pl\/index.php?rest_route=\/wp\/v2\/types\/page"}],"author":[{"embeddable":true,"href":"https:\/\/psiasfora.com.pl\/index.php?rest_route=\/wp\/v2\/users\/3"}],"replies":[{"embeddable":true,"href":"https:\/\/psiasfora.com.pl\/index.php?rest_route=%2Fwp%2Fv2%2Fcomments&post=1779"}],"version-history":[{"count":6,"href":"https:\/\/psiasfora.com.pl\/index.php?rest_route=\/wp\/v2\/pages\/1779\/revisions"}],"predecessor-version":[{"id":1804,"href":"https:\/\/psiasfora.com.pl\/index.php?rest_route=\/wp\/v2\/pages\/1779\/revisions\/1804"}],"up":[{"embeddable":true,"href":"https:\/\/psiasfora.com.pl\/index.php?rest_route=\/wp\/v2\/pages\/1414"}],"wp:attachment":[{"href":"https:\/\/psiasfora.com.pl\/index.php?rest_route=%2Fwp%2Fv2%2Fmedia&parent=1779"}],"curies":[{"name":"wp","href":"https:\/\/api.w.org\/{rel}","templated":true}]}}